{"id":7,"date":"2022-07-04T11:21:28","date_gmt":"2022-07-04T11:21:28","guid":{"rendered":"https:\/\/hotel-baviera.ms.decms.eu\/?page_id=7"},"modified":"2022-08-16T13:34:49","modified_gmt":"2022-08-16T13:34:49","slug":"willkommen-im-hotel-baviera","status":"publish","type":"page","link":"https:\/\/www.hotelbaviera.com\/de\/","title":{"rendered":"Hotel Baviera"},"content":{"rendered":"<p>Baviera Hotel bietet Ihnen eine elegante und einladende Umgebung mit gem\u00fctlichen und famili\u00e4ren Atmosph\u00e4re, aber es gibt auch eine internationale Note.<\/p>\n<p>Nur einen 10-min\u00fctigen Spaziergang vom Bahnhof Milano Centrale und 50 Meter vom Repubblica Metro liegt das Hotel Bavaria in zentraler Lage in der N\u00e4he der exklusiven Viereck der Mode und der Marke neue Stadtteil Porta Nuova entfernt.<\/p>\n<p>Busse zu den Flugh\u00e4fen Linate, Malpensa und Orio al Serio Altestelle 300 Meter entfernt, w\u00e4hrend ber\u00fchmten Mail\u00e4nder Dom ist nur 3 U-Bahnstationen.<\/p>\n","protected":false},"excerpt":{"rendered":"<p>Baviera Hotel bietet Ihnen eine elegante und einladende Umgebung mit gem\u00fctlichen und famili\u00e4ren Atmosph\u00e4re, aber es gibt auch eine internationale Note. Nur einen 10-min\u00fctigen Spaziergang vom Bahnhof Milano Centrale und 50 Meter vom Repubblica Metro liegt das Hotel Bavaria in zentraler Lage in der N\u00e4he der exklusiven Viereck der Mode und der Marke neue Stadtteil [&hellip;]<\/p>\n","protected":false},"author":36,"featured_media":0,"parent":0,"menu_order":0,"comment_status":"closed","ping_status":"closed","template":"","meta":{"footnotes":""},"class_list":["post-7","page","type-page","status-publish","hentry"],"yoast_head":"<!-- This site is optimized with the Yoast SEO plugin v26.9 - https:\/\/yoast.com\/product\/yoast-seo-wordpress\/ -->\n<title>Hotel Baviera Mokinba - Im Herzen von Mailand<\/title>\n<meta name=\"description\" content=\"Baviera Hotel bietet Ihnen eine elegante und einladende Umgebung mit gem\u00fctlichen und famili\u00e4ren Atmosph\u00e4re, aber es gibt auch eine internationale Note.  Nur einen 10-min\u00fctigen Spaziergang vom Bahnhof Milano Centrale und 50 Meter vom Repubblica Metro liegt das Hotel Bavaria in zentraler Lage in der N\u00e4he der exklusiven Viereck der Mode und der Marke neue Stadtteil Porta Nuova entfernt.  Busse zu den Flugh\u00e4fen Linate, Malpensa und Orio al Serio Altestelle 300 Meter entfernt, w\u00e4hrend ber\u00fchmten Mail\u00e4nder Dom ist nur 3 U-Bahnstationen..\" \/>\n<meta name=\"robots\" content=\"index, follow, max-snippet:-1, max-image-preview:large, max-video-preview:-1\" \/>\n<link rel=\"canonical\" href=\"https:\/\/www.hotelbaviera.com\/de\/\" \/>\n<meta property=\"og:locale\" content=\"de_DE\" \/>\n<meta property=\"og:type\" content=\"article\" \/>\n<meta property=\"og:title\" content=\"Hotel Baviera Mokinba - Im Herzen von Mailand\" \/>\n<meta property=\"og:description\" content=\"Baviera Hotel bietet Ihnen eine elegante und einladende Umgebung mit gem\u00fctlichen und famili\u00e4ren Atmosph\u00e4re, aber es gibt auch eine internationale Note.  Nur einen 10-min\u00fctigen Spaziergang vom Bahnhof Milano Centrale und 50 Meter vom Repubblica Metro liegt das Hotel Bavaria in zentraler Lage in der N\u00e4he der exklusiven Viereck der Mode und der Marke neue Stadtteil Porta Nuova entfernt.  Busse zu den Flugh\u00e4fen Linate, Malpensa und Orio al Serio Altestelle 300 Meter entfernt, w\u00e4hrend ber\u00fchmten Mail\u00e4nder Dom ist nur 3 U-Bahnstationen..\" \/>\n<meta property=\"og:url\" content=\"https:\/\/www.hotelbaviera.com\/de\/\" \/>\n<meta property=\"og:site_name\" content=\"Hotel Baviera\" \/>\n<meta property=\"article:modified_time\" content=\"2022-08-16T13:34:49+00:00\" \/>\n<meta property=\"og:image\" content=\"https:\/\/www.hotelbaviera.com\/wp-content\/uploads\/sites\/469\/2022\/07\/Hotel_Baviera_home_slide04.jpg\" \/>\n\t<meta property=\"og:image:width\" content=\"2200\" \/>\n\t<meta property=\"og:image:height\" content=\"1200\" \/>\n\t<meta property=\"og:image:type\" content=\"image\/jpeg\" \/>\n<meta name=\"twitter:card\" content=\"summary_large_image\" \/>\n<meta name=\"twitter:label1\" content=\"Gesch\u00e4tzte Lesezeit\" \/>\n\t<meta name=\"twitter:data1\" content=\"1 Minute\" \/>\n<script type=\"application\/ld+json\" class=\"yoast-schema-graph\">{\"@context\":\"https:\/\/schema.org\",\"@graph\":[{\"@type\":\"WebPage\",\"@id\":\"https:\/\/www.hotelbaviera.com\/de\/\",\"url\":\"https:\/\/www.hotelbaviera.com\/de\/\",\"name\":\"Hotel Baviera Mokinba - Im Herzen von Mailand\",\"isPartOf\":{\"@id\":\"https:\/\/www.hotelbaviera.com\/de\/#website\"},\"datePublished\":\"2022-07-04T11:21:28+00:00\",\"dateModified\":\"2022-08-16T13:34:49+00:00\",\"description\":\"Baviera Hotel bietet Ihnen eine elegante und einladende Umgebung mit gem\u00fctlichen und famili\u00e4ren Atmosph\u00e4re, aber es gibt auch eine internationale Note. Nur einen 10-min\u00fctigen Spaziergang vom Bahnhof Milano Centrale und 50 Meter vom Repubblica Metro liegt das Hotel Bavaria in zentraler Lage in der N\u00e4he der exklusiven Viereck der Mode und der Marke neue Stadtteil Porta Nuova entfernt. Busse zu den Flugh\u00e4fen Linate, Malpensa und Orio al Serio Altestelle 300 Meter entfernt, w\u00e4hrend ber\u00fchmten Mail\u00e4nder Dom ist nur 3 U-Bahnstationen..\",\"breadcrumb\":{\"@id\":\"https:\/\/www.hotelbaviera.com\/de\/#breadcrumb\"},\"inLanguage\":\"de-DE\",\"potentialAction\":[{\"@type\":\"ReadAction\",\"target\":[\"https:\/\/www.hotelbaviera.com\/de\/\"]}]},{\"@type\":\"BreadcrumbList\",\"@id\":\"https:\/\/www.hotelbaviera.com\/de\/#breadcrumb\",\"itemListElement\":[{\"@type\":\"ListItem\",\"position\":1,\"name\":\"Home\",\"item\":\"https:\/\/www.hotelbaviera.com\/de\/\"},{\"@type\":\"ListItem\",\"position\":2,\"name\":\"Hotel Baviera\"}]},{\"@type\":\"WebSite\",\"@id\":\"https:\/\/www.hotelbaviera.com\/de\/#website\",\"url\":\"https:\/\/www.hotelbaviera.com\/de\/\",\"name\":\"Hotel Baviera\",\"description\":\"Just another ms.decms.eu site\",\"potentialAction\":[{\"@type\":\"SearchAction\",\"target\":{\"@type\":\"EntryPoint\",\"urlTemplate\":\"https:\/\/www.hotelbaviera.com\/de\/?s={search_term_string}\"},\"query-input\":{\"@type\":\"PropertyValueSpecification\",\"valueRequired\":true,\"valueName\":\"search_term_string\"}}],\"inLanguage\":\"de-DE\"}]}<\/script>\n<!-- \/ Yoast SEO plugin. -->","yoast_head_json":{"title":"Hotel Baviera Mokinba - Im Herzen von Mailand","description":"Baviera Hotel bietet Ihnen eine elegante und einladende Umgebung mit gem\u00fctlichen und famili\u00e4ren Atmosph\u00e4re, aber es gibt auch eine internationale Note.  Nur einen 10-min\u00fctigen Spaziergang vom Bahnhof Milano Centrale und 50 Meter vom Repubblica Metro liegt das Hotel Bavaria in zentraler Lage in der N\u00e4he der exklusiven Viereck der Mode und der Marke neue Stadtteil Porta Nuova entfernt.  Busse zu den Flugh\u00e4fen Linate, Malpensa und Orio al Serio Altestelle 300 Meter entfernt, w\u00e4hrend ber\u00fchmten Mail\u00e4nder Dom ist nur 3 U-Bahnstationen..","robots":{"index":"index","follow":"follow","max-snippet":"max-snippet:-1","max-image-preview":"max-image-preview:large","max-video-preview":"max-video-preview:-1"},"canonical":"https:\/\/www.hotelbaviera.com\/de\/","og_locale":"de_DE","og_type":"article","og_title":"Hotel Baviera Mokinba - Im Herzen von Mailand","og_description":"Baviera Hotel bietet Ihnen eine elegante und einladende Umgebung mit gem\u00fctlichen und famili\u00e4ren Atmosph\u00e4re, aber es gibt auch eine internationale Note.  Nur einen 10-min\u00fctigen Spaziergang vom Bahnhof Milano Centrale und 50 Meter vom Repubblica Metro liegt das Hotel Bavaria in zentraler Lage in der N\u00e4he der exklusiven Viereck der Mode und der Marke neue Stadtteil Porta Nuova entfernt.  Busse zu den Flugh\u00e4fen Linate, Malpensa und Orio al Serio Altestelle 300 Meter entfernt, w\u00e4hrend ber\u00fchmten Mail\u00e4nder Dom ist nur 3 U-Bahnstationen..","og_url":"https:\/\/www.hotelbaviera.com\/de\/","og_site_name":"Hotel Baviera","article_modified_time":"2022-08-16T13:34:49+00:00","og_image":[{"width":2200,"height":1200,"url":"https:\/\/www.hotelbaviera.com\/wp-content\/uploads\/sites\/469\/2022\/07\/Hotel_Baviera_home_slide04.jpg","type":"image\/jpeg"}],"twitter_card":"summary_large_image","twitter_misc":{"Gesch\u00e4tzte Lesezeit":"1 Minute"},"schema":{"@context":"https:\/\/schema.org","@graph":[{"@type":"WebPage","@id":"https:\/\/www.hotelbaviera.com\/de\/","url":"https:\/\/www.hotelbaviera.com\/de\/","name":"Hotel Baviera Mokinba - Im Herzen von Mailand","isPartOf":{"@id":"https:\/\/www.hotelbaviera.com\/de\/#website"},"datePublished":"2022-07-04T11:21:28+00:00","dateModified":"2022-08-16T13:34:49+00:00","description":"Baviera Hotel bietet Ihnen eine elegante und einladende Umgebung mit gem\u00fctlichen und famili\u00e4ren Atmosph\u00e4re, aber es gibt auch eine internationale Note. Nur einen 10-min\u00fctigen Spaziergang vom Bahnhof Milano Centrale und 50 Meter vom Repubblica Metro liegt das Hotel Bavaria in zentraler Lage in der N\u00e4he der exklusiven Viereck der Mode und der Marke neue Stadtteil Porta Nuova entfernt. Busse zu den Flugh\u00e4fen Linate, Malpensa und Orio al Serio Altestelle 300 Meter entfernt, w\u00e4hrend ber\u00fchmten Mail\u00e4nder Dom ist nur 3 U-Bahnstationen..","breadcrumb":{"@id":"https:\/\/www.hotelbaviera.com\/de\/#breadcrumb"},"inLanguage":"de-DE","potentialAction":[{"@type":"ReadAction","target":["https:\/\/www.hotelbaviera.com\/de\/"]}]},{"@type":"BreadcrumbList","@id":"https:\/\/www.hotelbaviera.com\/de\/#breadcrumb","itemListElement":[{"@type":"ListItem","position":1,"name":"Home","item":"https:\/\/www.hotelbaviera.com\/de\/"},{"@type":"ListItem","position":2,"name":"Hotel Baviera"}]},{"@type":"WebSite","@id":"https:\/\/www.hotelbaviera.com\/de\/#website","url":"https:\/\/www.hotelbaviera.com\/de\/","name":"Hotel Baviera","description":"Just another ms.decms.eu site","potentialAction":[{"@type":"SearchAction","target":{"@type":"EntryPoint","urlTemplate":"https:\/\/www.hotelbaviera.com\/de\/?s={search_term_string}"},"query-input":{"@type":"PropertyValueSpecification","valueRequired":true,"valueName":"search_term_string"}}],"inLanguage":"de-DE"}]}},"acf":[],"_links":{"self":[{"href":"https:\/\/www.hotelbaviera.com\/de\/wp-json\/wp\/v2\/pages\/7","targetHints":{"allow":["GET"]}}],"collection":[{"href":"https:\/\/www.hotelbaviera.com\/de\/wp-json\/wp\/v2\/pages"}],"about":[{"href":"https:\/\/www.hotelbaviera.com\/de\/wp-json\/wp\/v2\/types\/page"}],"author":[{"embeddable":true,"href":"https:\/\/www.hotelbaviera.com\/de\/wp-json\/wp\/v2\/users\/36"}],"replies":[{"embeddable":true,"href":"https:\/\/www.hotelbaviera.com\/de\/wp-json\/wp\/v2\/comments?post=7"}],"version-history":[{"count":0,"href":"https:\/\/www.hotelbaviera.com\/de\/wp-json\/wp\/v2\/pages\/7\/revisions"}],"wp:attachment":[{"href":"https:\/\/www.hotelbaviera.com\/de\/wp-json\/wp\/v2\/media?parent=7"}],"curies":[{"name":"wp","href":"https:\/\/api.w.org\/{rel}","templated":true}]}}