{"id":6,"date":"2022-07-04T11:20:58","date_gmt":"2022-07-04T11:20:58","guid":{"rendered":"https:\/\/hotel-baviera.ms.decms.eu\/?page_id=6"},"modified":"2022-08-16T13:26:55","modified_gmt":"2022-08-16T13:26:55","slug":"bienvenue-a-milan","status":"publish","type":"page","link":"https:\/\/www.hotelbaviera.com\/fr\/","title":{"rendered":"H\u00f4tel Baviera"},"content":{"rendered":"<p>Baviera H\u00f4tel vous offre un environnement \u00e9l\u00e9gant et accueillant avec une atmosph\u00e8re confortable et familier, mais il existe aussi une touche internationale.<\/p>\n<p>Situ\u00e9 \u00e0 10 minutes \u00e0 pied de la gare centrale de Milan et \u00e0 50 m\u00e8tres de m\u00e9tro Repubblica, l&rsquo;H\u00f4tel Bavaria est situ\u00e9 dans un emplacement central pr\u00e8s du quadrilat\u00e8re exclusib de la mode et tout nouveau quartier de Porta Nuova.<\/p>\n<p>Des bus \u00e0 destination de Linate, Malpensa et Orio al Serio sarr\u00eatent \u00e0 300 m\u00e8tres, tandis que le c\u00e9l\u00e8bre Duomo de Milan est \u00e0 seulement 3 stations de m\u00e9tro.<\/p>\n","protected":false},"excerpt":{"rendered":"<p>Baviera H\u00f4tel vous offre un environnement \u00e9l\u00e9gant et accueillant avec une atmosph\u00e8re confortable et familier, mais il existe aussi une touche internationale. Situ\u00e9 \u00e0 10 minutes \u00e0 pied de la gare centrale de Milan et \u00e0 50 m\u00e8tres de m\u00e9tro Repubblica, l&rsquo;H\u00f4tel Bavaria est situ\u00e9 dans un emplacement central pr\u00e8s du quadrilat\u00e8re exclusib de la [&hellip;]<\/p>\n","protected":false},"author":36,"featured_media":0,"parent":0,"menu_order":0,"comment_status":"closed","ping_status":"closed","template":"","meta":{"footnotes":""},"class_list":["post-6","page","type-page","status-publish","hentry"],"yoast_head":"<!-- This site is optimized with the Yoast SEO plugin v26.9 - https:\/\/yoast.com\/product\/yoast-seo-wordpress\/ -->\n<title>H\u00f4tel Baviera Mokinba - Au c\u0153ur de Milan<\/title>\n<meta name=\"description\" content=\"Baviera H\u00f4tel vous offre un environnement \u00e9l\u00e9gant et accueillant avec une atmosph\u00e8re confortable et familier, mais il existe aussi une touche internationale.  Situ\u00e9 \u00e0 10 minutes \u00e0 pied de la gare centrale de Milan et \u00e0 50 m\u00e8tres de m\u00e9tro Repubblica, l&#039;H\u00f4tel Bavaria est situ\u00e9 dans un emplacement central pr\u00e8s du quadrilat\u00e8re exclusib de la mode et tout nouveau quartier de Porta Nuova.  Des bus \u00e0 destination de Linate, Malpensa et Orio al Serio sarr\u00eatent \u00e0 300 m\u00e8tres, tandis que le c\u00e9l\u00e8bre Duomo de Milan est \u00e0 seulement 3 stations de m\u00e9tro..\" \/>\n<meta name=\"robots\" content=\"index, follow, max-snippet:-1, max-image-preview:large, max-video-preview:-1\" \/>\n<link rel=\"canonical\" href=\"https:\/\/www.hotelbaviera.com\/fr\/\" \/>\n<meta property=\"og:locale\" content=\"fr_FR\" \/>\n<meta property=\"og:type\" content=\"article\" \/>\n<meta property=\"og:title\" content=\"H\u00f4tel Baviera Mokinba - Au c\u0153ur de Milan\" \/>\n<meta property=\"og:description\" content=\"Baviera H\u00f4tel vous offre un environnement \u00e9l\u00e9gant et accueillant avec une atmosph\u00e8re confortable et familier, mais il existe aussi une touche internationale.  Situ\u00e9 \u00e0 10 minutes \u00e0 pied de la gare centrale de Milan et \u00e0 50 m\u00e8tres de m\u00e9tro Repubblica, l&#039;H\u00f4tel Bavaria est situ\u00e9 dans un emplacement central pr\u00e8s du quadrilat\u00e8re exclusib de la mode et tout nouveau quartier de Porta Nuova.  Des bus \u00e0 destination de Linate, Malpensa et Orio al Serio sarr\u00eatent \u00e0 300 m\u00e8tres, tandis que le c\u00e9l\u00e8bre Duomo de Milan est \u00e0 seulement 3 stations de m\u00e9tro..\" \/>\n<meta property=\"og:url\" content=\"https:\/\/www.hotelbaviera.com\/fr\/\" \/>\n<meta property=\"og:site_name\" content=\"Hotel Baviera\" \/>\n<meta property=\"article:modified_time\" content=\"2022-08-16T13:26:55+00:00\" \/>\n<meta property=\"og:image\" content=\"https:\/\/www.hotelbaviera.com\/wp-content\/uploads\/sites\/469\/2022\/07\/Hotel_Baviera_home_slide04.jpg\" \/>\n\t<meta property=\"og:image:width\" content=\"2200\" \/>\n\t<meta property=\"og:image:height\" content=\"1200\" \/>\n\t<meta property=\"og:image:type\" content=\"image\/jpeg\" \/>\n<meta name=\"twitter:card\" content=\"summary_large_image\" \/>\n<meta name=\"twitter:label1\" content=\"Dur\u00e9e de lecture estim\u00e9e\" \/>\n\t<meta name=\"twitter:data1\" content=\"1 minute\" \/>\n<script type=\"application\/ld+json\" class=\"yoast-schema-graph\">{\"@context\":\"https:\/\/schema.org\",\"@graph\":[{\"@type\":\"WebPage\",\"@id\":\"https:\/\/www.hotelbaviera.com\/fr\/\",\"url\":\"https:\/\/www.hotelbaviera.com\/fr\/\",\"name\":\"H\u00f4tel Baviera Mokinba - Au c\u0153ur de Milan\",\"isPartOf\":{\"@id\":\"https:\/\/www.hotelbaviera.com\/fr\/#website\"},\"datePublished\":\"2022-07-04T11:20:58+00:00\",\"dateModified\":\"2022-08-16T13:26:55+00:00\",\"description\":\"Baviera H\u00f4tel vous offre un environnement \u00e9l\u00e9gant et accueillant avec une atmosph\u00e8re confortable et familier, mais il existe aussi une touche internationale. Situ\u00e9 \u00e0 10 minutes \u00e0 pied de la gare centrale de Milan et \u00e0 50 m\u00e8tres de m\u00e9tro Repubblica, l'H\u00f4tel Bavaria est situ\u00e9 dans un emplacement central pr\u00e8s du quadrilat\u00e8re exclusib de la mode et tout nouveau quartier de Porta Nuova. Des bus \u00e0 destination de Linate, Malpensa et Orio al Serio sarr\u00eatent \u00e0 300 m\u00e8tres, tandis que le c\u00e9l\u00e8bre Duomo de Milan est \u00e0 seulement 3 stations de m\u00e9tro..\",\"breadcrumb\":{\"@id\":\"https:\/\/www.hotelbaviera.com\/fr\/#breadcrumb\"},\"inLanguage\":\"fr-FR\",\"potentialAction\":[{\"@type\":\"ReadAction\",\"target\":[\"https:\/\/www.hotelbaviera.com\/fr\/\"]}]},{\"@type\":\"BreadcrumbList\",\"@id\":\"https:\/\/www.hotelbaviera.com\/fr\/#breadcrumb\",\"itemListElement\":[{\"@type\":\"ListItem\",\"position\":1,\"name\":\"Home\",\"item\":\"https:\/\/www.hotelbaviera.com\/fr\/\"},{\"@type\":\"ListItem\",\"position\":2,\"name\":\"H\u00f4tel Baviera\"}]},{\"@type\":\"WebSite\",\"@id\":\"https:\/\/www.hotelbaviera.com\/fr\/#website\",\"url\":\"https:\/\/www.hotelbaviera.com\/fr\/\",\"name\":\"Hotel Baviera\",\"description\":\"Just another ms.decms.eu site\",\"potentialAction\":[{\"@type\":\"SearchAction\",\"target\":{\"@type\":\"EntryPoint\",\"urlTemplate\":\"https:\/\/www.hotelbaviera.com\/fr\/?s={search_term_string}\"},\"query-input\":{\"@type\":\"PropertyValueSpecification\",\"valueRequired\":true,\"valueName\":\"search_term_string\"}}],\"inLanguage\":\"fr-FR\"}]}<\/script>\n<!-- \/ Yoast SEO plugin. -->","yoast_head_json":{"title":"H\u00f4tel Baviera Mokinba - Au c\u0153ur de Milan","description":"Baviera H\u00f4tel vous offre un environnement \u00e9l\u00e9gant et accueillant avec une atmosph\u00e8re confortable et familier, mais il existe aussi une touche internationale.  Situ\u00e9 \u00e0 10 minutes \u00e0 pied de la gare centrale de Milan et \u00e0 50 m\u00e8tres de m\u00e9tro Repubblica, l'H\u00f4tel Bavaria est situ\u00e9 dans un emplacement central pr\u00e8s du quadrilat\u00e8re exclusib de la mode et tout nouveau quartier de Porta Nuova.  Des bus \u00e0 destination de Linate, Malpensa et Orio al Serio sarr\u00eatent \u00e0 300 m\u00e8tres, tandis que le c\u00e9l\u00e8bre Duomo de Milan est \u00e0 seulement 3 stations de m\u00e9tro..","robots":{"index":"index","follow":"follow","max-snippet":"max-snippet:-1","max-image-preview":"max-image-preview:large","max-video-preview":"max-video-preview:-1"},"canonical":"https:\/\/www.hotelbaviera.com\/fr\/","og_locale":"fr_FR","og_type":"article","og_title":"H\u00f4tel Baviera Mokinba - Au c\u0153ur de Milan","og_description":"Baviera H\u00f4tel vous offre un environnement \u00e9l\u00e9gant et accueillant avec une atmosph\u00e8re confortable et familier, mais il existe aussi une touche internationale.  Situ\u00e9 \u00e0 10 minutes \u00e0 pied de la gare centrale de Milan et \u00e0 50 m\u00e8tres de m\u00e9tro Repubblica, l'H\u00f4tel Bavaria est situ\u00e9 dans un emplacement central pr\u00e8s du quadrilat\u00e8re exclusib de la mode et tout nouveau quartier de Porta Nuova.  Des bus \u00e0 destination de Linate, Malpensa et Orio al Serio sarr\u00eatent \u00e0 300 m\u00e8tres, tandis que le c\u00e9l\u00e8bre Duomo de Milan est \u00e0 seulement 3 stations de m\u00e9tro..","og_url":"https:\/\/www.hotelbaviera.com\/fr\/","og_site_name":"Hotel Baviera","article_modified_time":"2022-08-16T13:26:55+00:00","og_image":[{"width":2200,"height":1200,"url":"https:\/\/www.hotelbaviera.com\/wp-content\/uploads\/sites\/469\/2022\/07\/Hotel_Baviera_home_slide04.jpg","type":"image\/jpeg"}],"twitter_card":"summary_large_image","twitter_misc":{"Dur\u00e9e de lecture estim\u00e9e":"1 minute"},"schema":{"@context":"https:\/\/schema.org","@graph":[{"@type":"WebPage","@id":"https:\/\/www.hotelbaviera.com\/fr\/","url":"https:\/\/www.hotelbaviera.com\/fr\/","name":"H\u00f4tel Baviera Mokinba - Au c\u0153ur de Milan","isPartOf":{"@id":"https:\/\/www.hotelbaviera.com\/fr\/#website"},"datePublished":"2022-07-04T11:20:58+00:00","dateModified":"2022-08-16T13:26:55+00:00","description":"Baviera H\u00f4tel vous offre un environnement \u00e9l\u00e9gant et accueillant avec une atmosph\u00e8re confortable et familier, mais il existe aussi une touche internationale. Situ\u00e9 \u00e0 10 minutes \u00e0 pied de la gare centrale de Milan et \u00e0 50 m\u00e8tres de m\u00e9tro Repubblica, l'H\u00f4tel Bavaria est situ\u00e9 dans un emplacement central pr\u00e8s du quadrilat\u00e8re exclusib de la mode et tout nouveau quartier de Porta Nuova. Des bus \u00e0 destination de Linate, Malpensa et Orio al Serio sarr\u00eatent \u00e0 300 m\u00e8tres, tandis que le c\u00e9l\u00e8bre Duomo de Milan est \u00e0 seulement 3 stations de m\u00e9tro..","breadcrumb":{"@id":"https:\/\/www.hotelbaviera.com\/fr\/#breadcrumb"},"inLanguage":"fr-FR","potentialAction":[{"@type":"ReadAction","target":["https:\/\/www.hotelbaviera.com\/fr\/"]}]},{"@type":"BreadcrumbList","@id":"https:\/\/www.hotelbaviera.com\/fr\/#breadcrumb","itemListElement":[{"@type":"ListItem","position":1,"name":"Home","item":"https:\/\/www.hotelbaviera.com\/fr\/"},{"@type":"ListItem","position":2,"name":"H\u00f4tel Baviera"}]},{"@type":"WebSite","@id":"https:\/\/www.hotelbaviera.com\/fr\/#website","url":"https:\/\/www.hotelbaviera.com\/fr\/","name":"Hotel Baviera","description":"Just another ms.decms.eu site","potentialAction":[{"@type":"SearchAction","target":{"@type":"EntryPoint","urlTemplate":"https:\/\/www.hotelbaviera.com\/fr\/?s={search_term_string}"},"query-input":{"@type":"PropertyValueSpecification","valueRequired":true,"valueName":"search_term_string"}}],"inLanguage":"fr-FR"}]}},"acf":[],"_links":{"self":[{"href":"https:\/\/www.hotelbaviera.com\/fr\/wp-json\/wp\/v2\/pages\/6","targetHints":{"allow":["GET"]}}],"collection":[{"href":"https:\/\/www.hotelbaviera.com\/fr\/wp-json\/wp\/v2\/pages"}],"about":[{"href":"https:\/\/www.hotelbaviera.com\/fr\/wp-json\/wp\/v2\/types\/page"}],"author":[{"embeddable":true,"href":"https:\/\/www.hotelbaviera.com\/fr\/wp-json\/wp\/v2\/users\/36"}],"replies":[{"embeddable":true,"href":"https:\/\/www.hotelbaviera.com\/fr\/wp-json\/wp\/v2\/comments?post=6"}],"version-history":[{"count":0,"href":"https:\/\/www.hotelbaviera.com\/fr\/wp-json\/wp\/v2\/pages\/6\/revisions"}],"wp:attachment":[{"href":"https:\/\/www.hotelbaviera.com\/fr\/wp-json\/wp\/v2\/media?parent=6"}],"curies":[{"name":"wp","href":"https:\/\/api.w.org\/{rel}","templated":true}]}}