{"id":67,"date":"2022-07-06T07:58:50","date_gmt":"2022-07-06T07:58:50","guid":{"rendered":"https:\/\/hotel-baviera.ms.decms.eu\/?page_id=67"},"modified":"2022-07-06T08:00:40","modified_gmt":"2022-07-06T08:00:40","slug":"chambre-superieure","status":"publish","type":"page","link":"https:\/\/www.hotelbaviera.com\/fr\/chambres\/chambre-superieure\/","title":{"rendered":"Chambre Sup\u00e9rieure"},"content":{"rendered":"<p>Chambre avec lit double ou deux lits jumeaux, meubl\u00e9es dans un style moderne et \u00e9l\u00e9gant, \u00e9quip\u00e9es de douche avec la th\u00e9rapie et le traitement de tous les \u00e9quipements n\u00e9cessaires pour assurer une couleur agr\u00e9able et relaxant.<\/p>\n","protected":false},"excerpt":{"rendered":"<p>Chambre avec lit double ou deux lits jumeaux, meubl\u00e9es dans un style moderne et \u00e9l\u00e9gant, \u00e9quip\u00e9es de douche avec la th\u00e9rapie et le traitement de tous les \u00e9quipements n\u00e9cessaires pour assurer une couleur agr\u00e9able et relaxant.<\/p>\n","protected":false},"author":36,"featured_media":0,"parent":29,"menu_order":15,"comment_status":"closed","ping_status":"closed","template":"template-single-room.php","meta":{"footnotes":""},"class_list":["post-67","page","type-page","status-publish","hentry"],"yoast_head":"<!-- This site is optimized with the Yoast SEO plugin v26.9 - https:\/\/yoast.com\/product\/yoast-seo-wordpress\/ -->\n<title>Chambre Sup\u00e9rieure - Hotel Baviera -<\/title>\n<meta name=\"description\" content=\"Chambre avec lit double ou deux lits jumeaux, meubl\u00e9es dans un style moderne et \u00e9l\u00e9gant, \u00e9quip\u00e9es de douche avec la th\u00e9rapie et le traitement de tous les \u00e9quipements n\u00e9cessaires pour assurer une couleur agr\u00e9able et relaxant..\" \/>\n<meta name=\"robots\" content=\"index, follow, max-snippet:-1, max-image-preview:large, max-video-preview:-1\" \/>\n<link rel=\"canonical\" href=\"https:\/\/www.hotelbaviera.com\/fr\/chambres\/chambre-superieure\/\" \/>\n<meta property=\"og:locale\" content=\"fr_FR\" \/>\n<meta property=\"og:type\" content=\"article\" \/>\n<meta property=\"og:title\" content=\"Chambre Sup\u00e9rieure - Hotel Baviera -\" \/>\n<meta property=\"og:description\" content=\"Chambre avec lit double ou deux lits jumeaux, meubl\u00e9es dans un style moderne et \u00e9l\u00e9gant, \u00e9quip\u00e9es de douche avec la th\u00e9rapie et le traitement de tous les \u00e9quipements n\u00e9cessaires pour assurer une couleur agr\u00e9able et relaxant..\" \/>\n<meta property=\"og:url\" content=\"https:\/\/www.hotelbaviera.com\/fr\/chambres\/chambre-superieure\/\" \/>\n<meta property=\"og:site_name\" content=\"Hotel Baviera\" \/>\n<meta property=\"article:modified_time\" content=\"2022-07-06T08:00:40+00:00\" \/>\n<meta property=\"og:image\" content=\"https:\/\/www.hotelbaviera.com\/wp-content\/uploads\/sites\/469\/2022\/07\/Hotel_Baviera_home_slide04.jpg\" \/>\n\t<meta property=\"og:image:width\" content=\"2200\" \/>\n\t<meta property=\"og:image:height\" content=\"1200\" \/>\n\t<meta property=\"og:image:type\" content=\"image\/jpeg\" \/>\n<meta name=\"twitter:card\" content=\"summary_large_image\" \/>\n<script type=\"application\/ld+json\" class=\"yoast-schema-graph\">{\"@context\":\"https:\/\/schema.org\",\"@graph\":[{\"@type\":\"WebPage\",\"@id\":\"https:\/\/www.hotelbaviera.com\/fr\/chambres\/chambre-superieure\/\",\"url\":\"https:\/\/www.hotelbaviera.com\/fr\/chambres\/chambre-superieure\/\",\"name\":\"Chambre Sup\u00e9rieure - Hotel Baviera -\",\"isPartOf\":{\"@id\":\"https:\/\/www.hotelbaviera.com\/fr\/#website\"},\"datePublished\":\"2022-07-06T07:58:50+00:00\",\"dateModified\":\"2022-07-06T08:00:40+00:00\",\"description\":\"Chambre avec lit double ou deux lits jumeaux, meubl\u00e9es dans un style moderne et \u00e9l\u00e9gant, \u00e9quip\u00e9es de douche avec la th\u00e9rapie et le traitement de tous les \u00e9quipements n\u00e9cessaires pour assurer une couleur agr\u00e9able et relaxant..\",\"breadcrumb\":{\"@id\":\"https:\/\/www.hotelbaviera.com\/fr\/chambres\/chambre-superieure\/#breadcrumb\"},\"inLanguage\":\"fr-FR\",\"potentialAction\":[{\"@type\":\"ReadAction\",\"target\":[\"https:\/\/www.hotelbaviera.com\/fr\/chambres\/chambre-superieure\/\"]}]},{\"@type\":\"BreadcrumbList\",\"@id\":\"https:\/\/www.hotelbaviera.com\/fr\/chambres\/chambre-superieure\/#breadcrumb\",\"itemListElement\":[{\"@type\":\"ListItem\",\"position\":1,\"name\":\"Home\",\"item\":\"https:\/\/www.hotelbaviera.com\/fr\/\"},{\"@type\":\"ListItem\",\"position\":2,\"name\":\"Chambres\",\"item\":\"https:\/\/www.hotelbaviera.com\/fr\/chambres\/\"},{\"@type\":\"ListItem\",\"position\":3,\"name\":\"Chambre Sup\u00e9rieure\"}]},{\"@type\":\"WebSite\",\"@id\":\"https:\/\/www.hotelbaviera.com\/fr\/#website\",\"url\":\"https:\/\/www.hotelbaviera.com\/fr\/\",\"name\":\"Hotel Baviera\",\"description\":\"Just another ms.decms.eu site\",\"potentialAction\":[{\"@type\":\"SearchAction\",\"target\":{\"@type\":\"EntryPoint\",\"urlTemplate\":\"https:\/\/www.hotelbaviera.com\/fr\/?s={search_term_string}\"},\"query-input\":{\"@type\":\"PropertyValueSpecification\",\"valueRequired\":true,\"valueName\":\"search_term_string\"}}],\"inLanguage\":\"fr-FR\"}]}<\/script>\n<!-- \/ Yoast SEO plugin. -->","yoast_head_json":{"title":"Chambre Sup\u00e9rieure - Hotel Baviera -","description":"Chambre avec lit double ou deux lits jumeaux, meubl\u00e9es dans un style moderne et \u00e9l\u00e9gant, \u00e9quip\u00e9es de douche avec la th\u00e9rapie et le traitement de tous les \u00e9quipements n\u00e9cessaires pour assurer une couleur agr\u00e9able et relaxant..","robots":{"index":"index","follow":"follow","max-snippet":"max-snippet:-1","max-image-preview":"max-image-preview:large","max-video-preview":"max-video-preview:-1"},"canonical":"https:\/\/www.hotelbaviera.com\/fr\/chambres\/chambre-superieure\/","og_locale":"fr_FR","og_type":"article","og_title":"Chambre Sup\u00e9rieure - Hotel Baviera -","og_description":"Chambre avec lit double ou deux lits jumeaux, meubl\u00e9es dans un style moderne et \u00e9l\u00e9gant, \u00e9quip\u00e9es de douche avec la th\u00e9rapie et le traitement de tous les \u00e9quipements n\u00e9cessaires pour assurer une couleur agr\u00e9able et relaxant..","og_url":"https:\/\/www.hotelbaviera.com\/fr\/chambres\/chambre-superieure\/","og_site_name":"Hotel Baviera","article_modified_time":"2022-07-06T08:00:40+00:00","og_image":[{"width":2200,"height":1200,"url":"https:\/\/www.hotelbaviera.com\/wp-content\/uploads\/sites\/469\/2022\/07\/Hotel_Baviera_home_slide04.jpg","type":"image\/jpeg"}],"twitter_card":"summary_large_image","schema":{"@context":"https:\/\/schema.org","@graph":[{"@type":"WebPage","@id":"https:\/\/www.hotelbaviera.com\/fr\/chambres\/chambre-superieure\/","url":"https:\/\/www.hotelbaviera.com\/fr\/chambres\/chambre-superieure\/","name":"Chambre Sup\u00e9rieure - Hotel Baviera -","isPartOf":{"@id":"https:\/\/www.hotelbaviera.com\/fr\/#website"},"datePublished":"2022-07-06T07:58:50+00:00","dateModified":"2022-07-06T08:00:40+00:00","description":"Chambre avec lit double ou deux lits jumeaux, meubl\u00e9es dans un style moderne et \u00e9l\u00e9gant, \u00e9quip\u00e9es de douche avec la th\u00e9rapie et le traitement de tous les \u00e9quipements n\u00e9cessaires pour assurer une couleur agr\u00e9able et relaxant..","breadcrumb":{"@id":"https:\/\/www.hotelbaviera.com\/fr\/chambres\/chambre-superieure\/#breadcrumb"},"inLanguage":"fr-FR","potentialAction":[{"@type":"ReadAction","target":["https:\/\/www.hotelbaviera.com\/fr\/chambres\/chambre-superieure\/"]}]},{"@type":"BreadcrumbList","@id":"https:\/\/www.hotelbaviera.com\/fr\/chambres\/chambre-superieure\/#breadcrumb","itemListElement":[{"@type":"ListItem","position":1,"name":"Home","item":"https:\/\/www.hotelbaviera.com\/fr\/"},{"@type":"ListItem","position":2,"name":"Chambres","item":"https:\/\/www.hotelbaviera.com\/fr\/chambres\/"},{"@type":"ListItem","position":3,"name":"Chambre Sup\u00e9rieure"}]},{"@type":"WebSite","@id":"https:\/\/www.hotelbaviera.com\/fr\/#website","url":"https:\/\/www.hotelbaviera.com\/fr\/","name":"Hotel Baviera","description":"Just another ms.decms.eu site","potentialAction":[{"@type":"SearchAction","target":{"@type":"EntryPoint","urlTemplate":"https:\/\/www.hotelbaviera.com\/fr\/?s={search_term_string}"},"query-input":{"@type":"PropertyValueSpecification","valueRequired":true,"valueName":"search_term_string"}}],"inLanguage":"fr-FR"}]}},"acf":[],"_links":{"self":[{"href":"https:\/\/www.hotelbaviera.com\/fr\/wp-json\/wp\/v2\/pages\/67","targetHints":{"allow":["GET"]}}],"collection":[{"href":"https:\/\/www.hotelbaviera.com\/fr\/wp-json\/wp\/v2\/pages"}],"about":[{"href":"https:\/\/www.hotelbaviera.com\/fr\/wp-json\/wp\/v2\/types\/page"}],"author":[{"embeddable":true,"href":"https:\/\/www.hotelbaviera.com\/fr\/wp-json\/wp\/v2\/users\/36"}],"replies":[{"embeddable":true,"href":"https:\/\/www.hotelbaviera.com\/fr\/wp-json\/wp\/v2\/comments?post=67"}],"version-history":[{"count":0,"href":"https:\/\/www.hotelbaviera.com\/fr\/wp-json\/wp\/v2\/pages\/67\/revisions"}],"up":[{"embeddable":true,"href":"https:\/\/www.hotelbaviera.com\/fr\/wp-json\/wp\/v2\/pages\/29"}],"wp:attachment":[{"href":"https:\/\/www.hotelbaviera.com\/fr\/wp-json\/wp\/v2\/media?parent=67"}],"curies":[{"name":"wp","href":"https:\/\/api.w.org\/{rel}","templated":true}]}}